{"id":2,"date":"2016-05-10T03:48:21","date_gmt":"2016-05-10T03:48:21","guid":{"rendered":"https:\/\/wanderfreunde-damm.de\/wp\/?page_id=2"},"modified":"2025-11-01T20:00:49","modified_gmt":"2025-11-01T20:00:49","slug":"sample-page","status":"publish","type":"page","link":"https:\/\/wanderfreunde-damm.de\/wp\/?page_id=2","title":{"rendered":"Impressum"},"content":{"rendered":"\n<p>Die nachstehenden Informationen enthalten die gesetzlich vorgesehenen Pflichtangaben zur Anbieterkennzeichnung auf der Internet-Pr\u00e4senz des Wandervereins &#8222;Wanderfreunde 1922 Damm e. V.&#8220;<br><\/p>\n\n\n\n<p>Anbieter: Spessartbund,<br>Ortsgruppe &#8222;Wanderfreunde 1922 Damm e. V.&#8220;<br>Verein: Wanderfreunde 1922 Damm e. V:<br>Anschrift: Konradstra\u00dfe 52; 63741 Aschaffenburg<\/p>\n\n\n\n<p>Webmaster:<\/p>\n\n\n\n<p>Ludwig Lang, Aschaffenburg<\/p>\n\n\n\n<p>Angaben gem\u00e4\u00df \u00a7 5 TMG<br>Wanderfreunde 1922 Damm e. V.<br>Konradstra\u00dfe 52<br>63741 Aschaffenburg<br>Vereinsregister: VR 409<br>Registergericht: Amtsgericht Aschaffenburg<\/p>\n\n\n\n<p>Vertreten durch: Regina B. Lang<\/p>\n\n\n\n<p>Kontakt<br>Telefon: +49 (0) 6021 421414<br>E-Mail: info at wanderfreunde-damm.de<br>Postadresse<br>Mittelstra\u00dfe 2<br>63741 Aschaffenburg<\/p>\n\n\n\n<p>Redaktionell verantwortlich:<br>tbd<\/p>\n\n\n\n<p>Verbraucherstreitbeilegung\/Universalschlichtungsstelle<br>Wir sind nicht bereit oder verpflichtet, an Streitbeilegungsverfahren vor einer<br>Verbraucherschlichtungsstelle teilzunehmen.<\/p>\n\n\n\n<p>Haftung f\u00fcr Inhalte<br>Als Diensteanbieter sind wir gem\u00e4\u00df \u00a7 7 Abs.1 TMG f\u00fcr eigene Inhalte auf diesen Seiten nach den<br>allgemeinen Gesetzen verantwortlich. Nach \u00a7\u00a7 8 bis 10 TMG sind wir als Diensteanbieter jedoch nicht<br>verpflichtet, \u00fcbermittelte oder gespeicherte fremde Informationen zu \u00fcberwachen oder nach Umst\u00e4nden zu<br>forschen, die auf eine rechtswidrige T\u00e4tigkeit hinweisen.<br>Verpflichtungen zur Entfernung oder Sperrung der Nutzung von Informationen nach den allgemeinen<br>Gesetzen bleiben hiervon unber\u00fchrt. Eine diesbez\u00fcgliche Haftung ist jedoch erst ab dem Zeitpunkt der<br>Kenntnis einer konkreten Rechtsverletzung m\u00f6glich. Bei Bekanntwerden von entsprechenden<br>Rechtsverletzungen werden wir diese Inhalte umgehend entfernen.<\/p>\n\n\n\n<p>Haftung f\u00fcr Links<\/p>\n\n\n\n<p>Unser Angebot enth\u00e4lt Links zu externen Websites Dritter, auf deren Inhalte wir keinen Einfluss haben.<br>Deshalb k\u00f6nnen wir f\u00fcr diese fremden Inhalte auch keine Gew\u00e4hr \u00fcbernehmen. F\u00fcr die Inhalte der<br>verlinkten Seiten ist stets der jeweilige Anbieter oder Betreiber der Seiten verantwortlich. Die verlinkten<br>Seiten wurden zum Zeitpunkt der Verlinkung auf m\u00f6gliche Rechtsverst\u00f6\u00dfe \u00fcberpr\u00fcft. Rechtswidrige Inhalte<br>waren zum Zeitpunkt der Verlinkung nicht erkennbar.<br>Eine permanente inhaltliche Kontrolle der verlinkten Seiten ist jedoch ohne konkrete Anhaltspunkte einer<br>Rechtsverletzung nicht zumutbar. Bei Bekanntwerden von Rechtsverletzungen werden wir derartige Links<br>umgehend entfernen.<\/p>\n\n\n\n<p>Urheberrecht<br>Die durch die Seitenbetreiber erstellten Inhalte und Werke auf diesen Seiten unterliegen dem deutschen<br>Urheberrecht. Die Vervielf\u00e4ltigung, Bearbeitung, Verbreitung und jede Art der Verwertung au\u00dferhalb der<br>Grenzen des Urheberrechtes bed\u00fcrfen der schriftlichen Zustimmung des jeweiligen Autors bzw. Erstellers.<br>Downloads und Kopien dieser Seite sind nur f\u00fcr den privaten, nicht kommerziellen Gebrauch gestattet.<br>Soweit die Inhalte auf dieser Seite nicht vom Betreiber erstellt wurden, werden die Urheberrechte Dritter<br>beachtet. Insbesondere werden Inhalte Dritter als solche gekennzeichnet. Sollten Sie trotzdem auf eine<br>Urheberrechtsverletzung aufmerksam werden, bitten wir um einen entsprechenden Hinweis. Bei<br>Bekanntwerden von Rechtsverletzungen werden wir derartige Inhalte umgehend entfernen.<\/p>\n\n\n\n<p>Quelle:<br>https:\/\/www.e-recht24.de\/impressum-generator.html<\/p>\n\n\n\n<p><\/p>\n","protected":false},"excerpt":{"rendered":"<p>Die nachstehenden Informationen enthalten die gesetzlich vorgesehenen Pflichtangaben zur Anbieterkennzeichnung auf der Internet-Pr\u00e4senz des Wandervereins &#8222;Wanderfreunde 1922 Damm e. V.&#8220; [&hellip;]<\/p>\n","protected":false},"author":1,"featured_media":0,"parent":0,"menu_order":0,"comment_status":"closed","ping_status":"open","template":"","meta":{"site-sidebar-layout":"default","site-content-layout":"","ast-site-content-layout":"default","site-content-style":"default","site-sidebar-style":"default","ast-global-header-display":"","ast-banner-title-visibility":"","ast-main-header-display":"","ast-hfb-above-header-display":"","ast-hfb-below-header-display":"","ast-hfb-mobile-header-display":"","site-post-title":"","ast-breadcrumbs-content":"","ast-featured-img":"","footer-sml-layout":"","theme-transparent-header-meta":"","adv-header-id-meta":"","stick-header-meta":"","header-above-stick-meta":"","header-main-stick-meta":"","header-below-stick-meta":"","astra-migrate-meta-layouts":"default","ast-page-background-enabled":"default","ast-page-background-meta":{"desktop":{"background-color":"var(--ast-global-color-5)","background-image":"","background-repeat":"repeat","background-position":"center center","background-size":"auto","background-attachment":"scroll","background-type":"","background-media":"","overlay-type":"","overlay-color":"","overlay-opacity":"","overlay-gradient":""},"tablet":{"background-color":"","background-image":"","background-repeat":"repeat","background-position":"center center","background-size":"auto","background-attachment":"scroll","background-type":"","background-media":"","overlay-type":"","overlay-color":"","overlay-opacity":"","overlay-gradient":""},"mobile":{"background-color":"","background-image":"","background-repeat":"repeat","background-position":"center center","background-size":"auto","background-attachment":"scroll","background-type":"","background-media":"","overlay-type":"","overlay-color":"","overlay-opacity":"","overlay-gradient":""}},"ast-content-background-meta":{"desktop":{"background-color":"var(--ast-global-color-4)","background-image":"","background-repeat":"repeat","background-position":"center center","background-size":"auto","background-attachment":"scroll","background-type":"","background-media":"","overlay-type":"","overlay-color":"","overlay-opacity":"","overlay-gradient":""},"tablet":{"background-color":"var(--ast-global-color-4)","background-image":"","background-repeat":"repeat","background-position":"center center","background-size":"auto","background-attachment":"scroll","background-type":"","background-media":"","overlay-type":"","overlay-color":"","overlay-opacity":"","overlay-gradient":""},"mobile":{"background-color":"var(--ast-global-color-4)","background-image":"","background-repeat":"repeat","background-position":"center center","background-size":"auto","background-attachment":"scroll","background-type":"","background-media":"","overlay-type":"","overlay-color":"","overlay-opacity":"","overlay-gradient":""}},"footnotes":""},"class_list":["post-2","page","type-page","status-publish","hentry"],"_links":{"self":[{"href":"https:\/\/wanderfreunde-damm.de\/wp\/index.php?rest_route=\/wp\/v2\/pages\/2","targetHints":{"allow":["GET"]}}],"collection":[{"href":"https:\/\/wanderfreunde-damm.de\/wp\/index.php?rest_route=\/wp\/v2\/pages"}],"about":[{"href":"https:\/\/wanderfreunde-damm.de\/wp\/index.php?rest_route=\/wp\/v2\/types\/page"}],"author":[{"embeddable":true,"href":"https:\/\/wanderfreunde-damm.de\/wp\/index.php?rest_route=\/wp\/v2\/users\/1"}],"replies":[{"embeddable":true,"href":"https:\/\/wanderfreunde-damm.de\/wp\/index.php?rest_route=%2Fwp%2Fv2%2Fcomments&post=2"}],"version-history":[{"count":4,"href":"https:\/\/wanderfreunde-damm.de\/wp\/index.php?rest_route=\/wp\/v2\/pages\/2\/revisions"}],"predecessor-version":[{"id":20,"href":"https:\/\/wanderfreunde-damm.de\/wp\/index.php?rest_route=\/wp\/v2\/pages\/2\/revisions\/20"}],"wp:attachment":[{"href":"https:\/\/wanderfreunde-damm.de\/wp\/index.php?rest_route=%2Fwp%2Fv2%2Fmedia&parent=2"}],"curies":[{"name":"wp","href":"https:\/\/api.w.org\/{rel}","templated":true}]}}